{"id":128,"date":"2016-07-18T07:53:13","date_gmt":"2016-07-18T05:53:13","guid":{"rendered":"http:\/\/aichingerhaus.at\/?page_id=128"},"modified":"2023-06-23T10:58:07","modified_gmt":"2023-06-23T08:58:07","slug":"foerdergeber","status":"publish","type":"page","link":"http:\/\/verschuetteten.aichingerhaus.at\/?page_id=128","title":{"rendered":"F\u00f6rdergeber"},"content":{"rendered":"<p><b>F\u00f6rdergeber<\/b><br \/>Das Ilse-Aichinger-Haus wird unter anderem erm\u00f6glicht durch Gelder von:<br \/><a href=\"http:\/\/www.kunstkultur.bka.gv.at\/\">Bundeskanzleramt \u00d6sterreich<\/a> (Kunst- und Kultursektion), <a href=\"https:\/\/www.wien.gv.at\/kultur\/abteilung\/\">MA 7 Kultur<\/a> (Abteilung Literatur), <a href=\"https:\/\/www.oeh.ac.at\/\">\u00d6sterreichische Hochsch\u00fcler_innenschaft<\/a> (Sonderprojekte), Studienrichtungsvertretungen der <a href=\"http:\/\/www.univie.ac.at\/iggerm\/\">Germanistik<\/a>, <a href=\"http:\/\/www.univie.ac.at\/strv-komparatistik\/\">Vergleichenden Literaturwissenschaft<\/a>, <a href=\"https:\/\/www.univie.ac.at\/strv-geschichte\/\">Geschichte<\/a> und <a href=\"http:\/\/www.univie.ac.at\/strv-judaistik\">Judaistik<\/a> und Fakult\u00e4tsvertretungen der <a href=\"http:\/\/www.liab.at\/\">Human- und Sozialwissenschaften<\/a>.<\/p>\n<p>\u00a0<\/p>\n<p><img decoding=\"async\" loading=\"lazy\" class=\"wp-image-188 size-medium alignnone\" src=\"http:\/\/verschuetteten.aichingerhaus.at\/wp-content\/uploads\/2016\/07\/bundeskanzleramt_oesterreich_Schwarz-300x63.png\" alt=\"bundeskanzleramt_oesterreich_schwarz\" width=\"300\" height=\"63\" srcset=\"http:\/\/verschuetteten.aichingerhaus.at\/wp-content\/uploads\/2016\/07\/bundeskanzleramt_oesterreich_Schwarz-300x63.png 300w, http:\/\/verschuetteten.aichingerhaus.at\/wp-content\/uploads\/2016\/07\/bundeskanzleramt_oesterreich_Schwarz.png 586w\" sizes=\"(max-width: 300px) 100vw, 300px\" \/><\/p>\n\n\n<figure class=\"wp-block-image size-large is-resized\"><img decoding=\"async\" loading=\"lazy\" src=\"http:\/\/verschuetteten.aichingerhaus.at\/wp-content\/uploads\/2023\/06\/ma7-1024x337.jpg\" alt=\"\" class=\"wp-image-273\" width=\"256\" height=\"84\" srcset=\"http:\/\/verschuetteten.aichingerhaus.at\/wp-content\/uploads\/2023\/06\/ma7-1024x337.jpg 1024w, http:\/\/verschuetteten.aichingerhaus.at\/wp-content\/uploads\/2023\/06\/ma7-300x99.jpg 300w, http:\/\/verschuetteten.aichingerhaus.at\/wp-content\/uploads\/2023\/06\/ma7-768x252.jpg 768w, http:\/\/verschuetteten.aichingerhaus.at\/wp-content\/uploads\/2023\/06\/ma7.jpg 1077w\" sizes=\"(max-width: 256px) 100vw, 256px\" \/><\/figure>\n","protected":false},"excerpt":{"rendered":"<p>F\u00f6rdergeberDas Ilse-Aichinger-Haus wird unter anderem erm\u00f6glicht durch Gelder von:Bundeskanzleramt \u00d6sterreich (Kunst- und Kultursektion), MA 7 Kultur (Abteilung Literatur), \u00d6sterreichische Hochsch\u00fcler_innenschaft (Sonderprojekte), Studienrichtungsvertretungen der Germanistik, Vergleichenden Literaturwissenschaft, Geschichte und Judaistik und Fakult\u00e4tsvertretungen der Human- und Sozialwissenschaften. \u00a0<\/p>\n","protected":false},"author":2,"featured_media":0,"parent":0,"menu_order":0,"comment_status":"closed","ping_status":"closed","template":"","meta":[],"_links":{"self":[{"href":"http:\/\/verschuetteten.aichingerhaus.at\/index.php?rest_route=\/wp\/v2\/pages\/128"}],"collection":[{"href":"http:\/\/verschuetteten.aichingerhaus.at\/index.php?rest_route=\/wp\/v2\/pages"}],"about":[{"href":"http:\/\/verschuetteten.aichingerhaus.at\/index.php?rest_route=\/wp\/v2\/types\/page"}],"author":[{"embeddable":true,"href":"http:\/\/verschuetteten.aichingerhaus.at\/index.php?rest_route=\/wp\/v2\/users\/2"}],"replies":[{"embeddable":true,"href":"http:\/\/verschuetteten.aichingerhaus.at\/index.php?rest_route=%2Fwp%2Fv2%2Fcomments&post=128"}],"version-history":[{"count":6,"href":"http:\/\/verschuetteten.aichingerhaus.at\/index.php?rest_route=\/wp\/v2\/pages\/128\/revisions"}],"predecessor-version":[{"id":274,"href":"http:\/\/verschuetteten.aichingerhaus.at\/index.php?rest_route=\/wp\/v2\/pages\/128\/revisions\/274"}],"wp:attachment":[{"href":"http:\/\/verschuetteten.aichingerhaus.at\/index.php?rest_route=%2Fwp%2Fv2%2Fmedia&parent=128"}],"curies":[{"name":"wp","href":"https:\/\/api.w.org\/{rel}","templated":true}]}}