{"id":14,"date":"2016-07-17T18:17:28","date_gmt":"2016-07-17T16:17:28","guid":{"rendered":"http:\/\/aichingerhaus.at\/?page_id=14"},"modified":"2023-06-23T11:10:45","modified_gmt":"2023-06-23T09:10:45","slug":"ankuendigungen","status":"publish","type":"page","link":"http:\/\/verschuetteten.aichingerhaus.at\/","title":{"rendered":"Aktuelles (bis 2017)"},"content":{"rendered":"<div class=\"twitter-timeline-profile\"><a class=\"twitter-timeline\" data-lang=\"de\" href=\"https:\/\/twitter.com\/aichingerhaus?ref_src=twsrc%5Etfw\">Tweets by aichingerhaus<\/a><\/div>\n<p><a href=\"https:\/\/twitter.com\/aichingerhaus\">Aichinger-Haus @ twitter<\/a><\/p>\n<p><a href=\"https:\/\/www.facebook.com\/ilseaichingerhaus\/\">Aichinger-Haus @ facebook<\/a><\/p>\n<div class=\"twitter-timeline-profile\"><a class=\"twitter-timeline\" data-lang=\"de\" href=\"https:\/\/twitter.com\/aichingerhaus?ref_src=twsrc%5Etfw\">Tweets by aichingerhaus<\/a><\/div>\n<hr \/>\n<hr \/>\n<hr \/>\n<p><a href=\"http:\/\/aichingerhaus.at\/?page_id=199\"><strong>An einen 4. M\u00e4rz, an Stefan Zweig<\/strong><\/a><\/p>\n<div class=\"twitter-tweet\">\n<blockquote class=\"twitter-tweet\" data-lang=\"de\">\n<p lang=\"de\" dir=\"ltr\">An einen 4. M\u00e4rz: an Stefan Zweig, Bitte! <a href=\"https:\/\/twitter.com\/hashtag\/stefanzweig?src=hash\">#stefanzweig<\/a> <a href=\"https:\/\/t.co\/hCimDp4YHH\">pic.twitter.com\/hCimDp4YHH<\/a><\/p>\n<p>&mdash; Ilse-Aichinger-Haus (@aichingerhaus) <a href=\"https:\/\/twitter.com\/aichingerhaus\/status\/837970983642415106\">4. M\u00e4rz 2017<\/a><\/p><\/blockquote>\n<\/div>\n<hr \/>\n<hr \/>\n<hr \/>\n<p><img decoding=\"async\" loading=\"lazy\" class=\"aligncenter wp-image-243 size-medium\" src=\"http:\/\/verschuetteten.aichingerhaus.at\/wp-content\/uploads\/2016\/11\/Trauerlogo3-300x300.png\" alt=\"Trauer Logo 2.1\" width=\"300\" height=\"300\" srcset=\"http:\/\/verschuetteten.aichingerhaus.at\/wp-content\/uploads\/2016\/11\/Trauerlogo3-300x300.png 300w, http:\/\/verschuetteten.aichingerhaus.at\/wp-content\/uploads\/2016\/11\/Trauerlogo3-150x150.png 150w, http:\/\/verschuetteten.aichingerhaus.at\/wp-content\/uploads\/2016\/11\/Trauerlogo3.png 506w\" sizes=\"(max-width: 300px) 100vw, 300px\" \/><\/p>\n<p><em>Als ich an einem andern Tage nach einem kurzen Nachmittagsschlaf die Augen \u00f6ffnete, meines Lebens noch nicht ganz sicher, h\u00f6rte ich meine Mutter in nat\u00fcrlichem Ton vom Balkon hinunterfragen: \u00bbWas machen Sie?\u00ab Eine Frau antwortete aus dem Garten: \u00bbIch jause im Gr\u00fcnen.\u00ab Da staunte ich \u00fcber die Festigkeit, mit der die Menschen das Leben zu tragen wissen. An einem andern Tage freute ich mich mit einem gespannten Schmerz \u00fcber die Erregung eines Tages, der bew\u00f6lkt war. Dann war eine verblasene Woche oder zwei oder noch mehr. Dann verliebte ich mich in eine Frau. Dann tanzte man einmal im Wirtshaus und ich ging nicht hin. Dann war ich wehm\u00fctig und sehr dumm, so da\u00df ich stolperte auf den Feldwegen, die hier sehr steigend sind. Dann einmal las ich in Byrons Tageb\u00fcchern die Stelle (Ich schreibe sie in dieser beil\u00e4ufigen Art, weil das Buch schon eingepackt ist): \u00bbSeit einer Woche habe ich mein Haus nicht verlassen. Seit drei Tagen boxe ich t\u00e4glich vier Stunden mit einem Fechtmeister in der Bibliothek bei offenen Fenstern, um meinen Geist zur Ruhe zu bringen.\u00ab Und dann und dann war der Sommer zu Ende und ich finde, da\u00df es k\u00fchl wird, da\u00df es Zeit wird die Sommerbriefe zu beantworten, da\u00df meine Feder ein wenig ausgeglitten ist und da\u00df ich sie deshalb niederlegen k\u00f6nnte.<\/em><\/p>\n<p><em>Dein Franz K.<\/em><\/p>\n<hr \/>\n<hr \/>\n<hr \/>\n<p><center><a href=\"http:\/\/aichingerhaus.at\/?page_id=199\"><strong>Nachmittagskino. Nach Ilse Aichinger<\/strong><\/a><\/center><center><\/center><center><a href=\"http:\/\/aichingerhaus.at\/?page_id=199\"><img decoding=\"async\" loading=\"lazy\" class=\"aligncenter wp-image-237 size-medium\" src=\"http:\/\/verschuetteten.aichingerhaus.at\/wp-content\/uploads\/2016\/07\/582196c4d4ce8-250x300.jpg\" alt=\"Nachmittagskino\" width=\"250\" height=\"300\" srcset=\"http:\/\/verschuetteten.aichingerhaus.at\/wp-content\/uploads\/2016\/07\/582196c4d4ce8-250x300.jpg 250w, http:\/\/verschuetteten.aichingerhaus.at\/wp-content\/uploads\/2016\/07\/582196c4d4ce8.jpg 666w\" sizes=\"(max-width: 250px) 100vw, 250px\" \/><\/a><\/center><center>Das Ilse-Aichinger-Haus kuratiert ab 12.11.2016 an drei Wochenenden im November die Filmreihe \u201eNachmittagskino. Nach Ilse Aichinger\u201c im \u00d6sterreichischen Filmmuseum.<\/center><\/p>\n<hr \/>\n<hr \/>\n<hr \/>\n<p><center><strong><a href=\"http:\/\/aichingerhaus.at\/?page_id=195\">Auckland, radiophon<\/a><br \/>\n<\/strong><\/center><center><em>Das Suchen suchen <\/em>(Ilse Aichinger)<\/center><\/p>\n<figure id=\"attachment_193\" aria-describedby=\"caption-attachment-193\" style=\"width: 300px\" class=\"wp-caption aligncenter\"><a href=\"http:\/\/aichingerhaus.at\/?page_id=195\"><img decoding=\"async\" loading=\"lazy\" class=\"wp-image-193 size-medium\" src=\"http:\/\/verschuetteten.aichingerhaus.at\/wp-content\/uploads\/2016\/07\/GareMaritime_Albern-300x245.jpg\" alt=\"Gare Maritime Wien Albern\" width=\"300\" height=\"245\" srcset=\"http:\/\/verschuetteten.aichingerhaus.at\/wp-content\/uploads\/2016\/07\/GareMaritime_Albern-300x245.jpg 300w, http:\/\/verschuetteten.aichingerhaus.at\/wp-content\/uploads\/2016\/07\/GareMaritime_Albern-768x628.jpg 768w, http:\/\/verschuetteten.aichingerhaus.at\/wp-content\/uploads\/2016\/07\/GareMaritime_Albern-1024x838.jpg 1024w, http:\/\/verschuetteten.aichingerhaus.at\/wp-content\/uploads\/2016\/07\/GareMaritime_Albern.jpg 1100w\" sizes=\"(max-width: 300px) 100vw, 300px\" \/><\/a><figcaption id=\"caption-attachment-193\" class=\"wp-caption-text\">Gare Maritime Wien Albern<\/figcaption><\/figure>\n<p>Das Ilse-Aichinger-Haus gastiert am 5.11.2016 ab 14 Uhr am von Tr\u00e4umen erfundenden Hafen Albern (Treffpunkt Hafenkneipe, 1. Molostra\u00dfe, 1110 Wien, Stromkilometer 1918,3). \u2013 Bitte bringen Sie Ihr Radio mit.<\/p>\n<hr \/>\n<hr \/>\n<hr \/>\n<p><center><strong><a href=\"http:\/\/aichingerhaus.at\/?page_id=36\">Hausbootfaltungen<\/a><\/strong><\/center><center>Das Aichinger-Haus legt ab &#8212; ab Herbst in Ihrem Briefkasten! Reservieren Sie noch heute!<\/center><\/p>\n<hr \/>\n<hr \/>\n<hr \/>\n<p><strong>:aichinger \u2013 digital human<\/strong><\/p>\n<p>Das Ilse-Aichinger-Haus l\u00e4dt zur Veranstaltung \u201e:aichinger \u2013 digital human\u201c in der <i>\u00d6sterreichischen Gesellschaft f\u00fcr Literatur<\/i> am 14. und 15. April 2016. N\u00e4heres im Programm der \u00d6GL unter <a href=\"http:\/\/www.ogl.at\/\">www.ogl.at<\/a>.<\/p>\n<hr \/>\n<hr \/>\n<hr \/>\n<p><b>\u201elebensarten, sterbensarten, aber vor allem kinoarten, kinoplakate, kinoeing\u00e4nge \u2013 dorthin, wo man immer hinwollte: ins herz der finsternis\u201c<\/b><\/p>\n<p>Sehr geehrte Damen und Herren,<br \/>\n<i>Das Ilse-Aichinger-Haus<\/i> \u00f6ffnet abermals seine Pforten und l\u00e4dt zur Veranstaltung <i>An einen vierten M\u00e4rz<\/i>, die am <b>4. M\u00e4rz<\/b> im Filmmuseum stattfinden wird.<\/p>\n<p>Aichingers Affinit\u00e4t zum Film und ihr Bezug zum Filmmuseum sind Ausgangspunkt der Veranstaltung. Die M\u00f6glichkeit des Verschwindens macht f\u00fcr Aichinger den Reiz am Kino aus, diese m\u00f6chten wir in eigener Weise hervorheben \u2013 aufgef\u00fchrt wird Bitomskys <i>Das Kino und der Tod<\/i>, ein Film in Worten.<\/p>\n<p>Beginn: <b>15:00 Uhr<\/b>.<br \/>\nOrt: <a href=\"http:\/\/www.filmmuseum.at\/\"><b>Filmmuseum<\/b><\/a>. Augustinerstra\u00dfe 1, 1010 Wien.<\/p>\n<p>Wir freuen uns auf Ihren Besuch,<br \/>\nIhr Ilse-Aichinger-Haus<\/p>\n<hr \/>\n<hr \/>\n<hr \/>\n<p><b>WIENACHAUCKLAND &#8211; Lesung<\/b><\/p>\n<p>A<br \/>\nchtung!<br \/>\nDas Ilse-Aichinger-<br \/>\nHaus stellt sich (H)aus und<br \/>\nbezieht am 29. November 2015 im-<br \/>\nersten im Ersten: WIENACHAUCKLAND?<br \/>\nFrage(n) \u00fcber Fragen; Ant-W\u00f6rter sind (h)ausgenommen.<br \/>\nVom Laubhaufen bis zum Aichenparkett. Matrosen und Friseure.<br \/>\nAber auch Alternativen brauchen ihre Architekten. Auch Alternativen b<br \/>\nrauchen ihre Alternativen. Auch Alternativen brauchen ihre Aichit<br \/>\nekten. Auch Alternativen braichen ihre Architekten. Auch Alterna<br \/>\ntiven braichen ihre Alternativen. Auch Alternativen braichen ihre<br \/>\nAichitekten. Auch Alternativen rauchen ihre Architekten. Auch A<br \/>\nlternativen rauchen ihre Alternativen. Auch Alternativen rauchen<br \/>\nihre Aichitekten. Aich Alternativen brauchen ihre Architekten. Aic<br \/>\nh Architekten brauchen ihre Alternativen. Aich Alternativen brau<br \/>\nchen ihre Aichitekten. Aich Aichitekten braichen ihre Architekten.<\/p>\n<p>Es lesen:<br \/>\nFriedrich Achleitner, Franziska F\u00fcchsl, Greta Lippauer, Peter Waterhouse<\/p>\n<p>Anfang:<br \/>\n29.11., <a href=\"http:\/\/www.imersten.com\/Im-Ersten\/event\/lesung-wienachauckland\/\">19 Uhr<\/a><\/p>\n<p><i>Friedrich Achleitner<\/i>, 1930, Architekturstudium bei Clemens Holzmeister, 1953 Diplom, bis 1958 freier Architekt, dann freier Schriftsteller (Mitglied der \u201cwiener gruppe\u201d), Architekturkritiker und -publizist, Hochschullehrer, zuletzt Vorstand der Lehrkanzel f\u00fcr \u201cGeschichte und Theorie der Architektur\u201d an der Universit\u00e4t f\u00fcr angewandte Kunst in Wien, 1998 Emeritierung.<\/p>\n<p><i>Franziska F\u00fcchsl<\/i>, aus Putzleinsdorf\/O\u00d6, lebt und arbeitet in Wien; Studium der Germanistik und Anglistik; \u00dcbersetzerin in der Gruppe versatorium \u2013 verein f\u00fcr gedichte und \u00fcbersetzen. \u00fcbersetzt aus dem Englischen und Georgischen; schreibt auf deutsch, dialekt und englisch, zuletzt in A Perimeter\/New York (http:\/\/aperimeter.com) und im Jahrbuch der Lyrik 2015, DVA.<\/p>\n<p><i>Greta Lippauer<\/i>, geboren in K\u00e4rnten, seit 2009 Studium der Germanistik und Philosophie an der Universit\u00e4t Wien. Theatererfahrungen u.a. an der Schaub\u00fchne am Lehninerplatz, am Berliner Ensemble und am Burgtheater Wien; Nominierung f\u00fcr den Retzhofer Dramapreis 2015; Arbeitsstipendium f\u00fcr Literatur des bmukk 2015. Schreibt Kurzprosa, Lyrik und Theatertexte.<\/p>\n<p><i>Peter Waterhouse<\/i>, geboren 1956 in Berlin, lebt in Wien. Studium der Germanistik, Anglistik und Philosophie in Wien und Los Angeles. Er publizierte Gedichte, Essays, Erz\u00e4hlungen, Theaterst\u00fccke und \u00dcbersetzungen (u. a. von Michael Hamburger, Gerard Manley Hopkins, Biagio Marin, Andrea Zanzotto).<\/p>\n<p style=\"text-align: left;\"><a href=\"http:\/\/aichingerhaus.at\/?page_id=199\"><strong>An einen 4. M\u00e4rz, an Stefan Zweig<\/strong><\/a><\/p>\n<div class=\"twitter-tweet\">\n<blockquote class=\"twitter-tweet\" data-lang=\"de\">\n<p lang=\"de\" dir=\"ltr\">An einen 4. M\u00e4rz: an Stefan Zweig, Bitte! <a href=\"https:\/\/twitter.com\/hashtag\/stefanzweig?src=hash\">#stefanzweig<\/a> <a href=\"https:\/\/t.co\/hCimDp4YHH\">pic.twitter.com\/hCimDp4YHH<\/a><\/p>\n<p>&mdash; Ilse-Aichinger-Haus (@aichingerhaus) <a href=\"https:\/\/twitter.com\/aichingerhaus\/status\/837970983642415106\">4. M\u00e4rz 2017<\/a><\/p><\/blockquote>\n<\/div>\n<hr \/>\n<hr \/>\n<hr \/>\n<p><img decoding=\"async\" loading=\"lazy\" class=\"aligncenter wp-image-243 size-medium\" src=\"http:\/\/verschuetteten.aichingerhaus.at\/wp-content\/uploads\/2016\/11\/Trauerlogo3-300x300.png\" alt=\"Trauer Logo 2.1\" width=\"300\" height=\"300\" srcset=\"http:\/\/verschuetteten.aichingerhaus.at\/wp-content\/uploads\/2016\/11\/Trauerlogo3-300x300.png 300w, http:\/\/verschuetteten.aichingerhaus.at\/wp-content\/uploads\/2016\/11\/Trauerlogo3-150x150.png 150w, http:\/\/verschuetteten.aichingerhaus.at\/wp-content\/uploads\/2016\/11\/Trauerlogo3.png 506w\" sizes=\"(max-width: 300px) 100vw, 300px\" \/><\/p>\n<p style=\"text-align: right;\"><em>Als ich an einem andern Tage nach einem kurzen Nachmittagsschlaf die Augen \u00f6ffnete, meines Lebens noch nicht ganz sicher, h\u00f6rte ich meine Mutter in nat\u00fcrlichem Ton vom Balkon hinunterfragen: \u00bbWas machen Sie?\u00ab Eine Frau antwortete aus dem Garten: \u00bbIch jause im Gr\u00fcnen.\u00ab Da staunte ich \u00fcber die Festigkeit, mit der die Menschen das Leben zu tragen wissen. An einem andern Tage freute ich mich mit einem gespannten Schmerz \u00fcber die Erregung eines Tages, der bew\u00f6lkt war. Dann war eine verblasene Woche oder zwei oder noch mehr. Dann verliebte ich mich in eine Frau. Dann tanzte man einmal im Wirtshaus und ich ging nicht hin. Dann war ich wehm\u00fctig und sehr dumm, so da\u00df ich stolperte auf den Feldwegen, die hier sehr steigend sind. Dann einmal las ich in Byrons Tageb\u00fcchern die Stelle (Ich schreibe sie in dieser beil\u00e4ufigen Art, weil das Buch schon eingepackt ist): \u00bbSeit einer Woche habe ich mein Haus nicht verlassen. Seit drei Tagen boxe ich t\u00e4glich vier Stunden mit einem Fechtmeister in der Bibliothek bei offenen Fenstern, um meinen Geist zur Ruhe zu bringen.\u00ab Und dann und dann war der Sommer zu Ende und ich finde, da\u00df es k\u00fchl wird, da\u00df es Zeit wird die Sommerbriefe zu beantworten, da\u00df meine Feder ein wenig ausgeglitten ist und da\u00df ich sie deshalb niederlegen k\u00f6nnte.<\/em><\/p>\n<p style=\"text-align: right;\"><em>Dein Franz K.<\/em><\/p>\n<hr \/>\n<hr \/>\n<hr \/>\n<p><center><a href=\"http:\/\/aichingerhaus.at\/?page_id=199\"><strong>Nachmittagskino. Nach Ilse Aichinger<\/strong><\/a><\/center><center><\/center><center><a href=\"http:\/\/aichingerhaus.at\/?page_id=199\"><img decoding=\"async\" loading=\"lazy\" class=\"aligncenter wp-image-237 size-medium\" src=\"http:\/\/verschuetteten.aichingerhaus.at\/wp-content\/uploads\/2016\/07\/582196c4d4ce8-250x300.jpg\" alt=\"Nachmittagskino\" width=\"250\" height=\"300\" srcset=\"http:\/\/verschuetteten.aichingerhaus.at\/wp-content\/uploads\/2016\/07\/582196c4d4ce8-250x300.jpg 250w, http:\/\/verschuetteten.aichingerhaus.at\/wp-content\/uploads\/2016\/07\/582196c4d4ce8.jpg 666w\" sizes=\"(max-width: 250px) 100vw, 250px\" \/><\/a><\/center><center>Das Ilse-Aichinger-Haus kuratiert ab 12.11.2016 an drei Wochenenden im November die Filmreihe \u201eNachmittagskino. Nach Ilse Aichinger\u201c im \u00d6sterreichischen Filmmuseum.<\/center><\/p>\n<hr \/>\n<hr \/>\n<hr \/>\n<p><center><strong><a href=\"http:\/\/aichingerhaus.at\/?page_id=195\">Auckland, radiophon<\/a><br \/>\n<\/strong><\/center><center><em>Das Suchen suchen <\/em>(Ilse Aichinger)<\/center><\/p>\n<p style=\"text-align: center;\">\n<figure id=\"attachment_193\" aria-describedby=\"caption-attachment-193\" style=\"width: 300px\" class=\"wp-caption aligncenter\"><a href=\"http:\/\/aichingerhaus.at\/?page_id=195\"><img decoding=\"async\" loading=\"lazy\" class=\"wp-image-193 size-medium\" src=\"http:\/\/verschuetteten.aichingerhaus.at\/wp-content\/uploads\/2016\/07\/GareMaritime_Albern-300x245.jpg\" alt=\"Gare Maritime Wien Albern\" width=\"300\" height=\"245\" srcset=\"http:\/\/verschuetteten.aichingerhaus.at\/wp-content\/uploads\/2016\/07\/GareMaritime_Albern-300x245.jpg 300w, http:\/\/verschuetteten.aichingerhaus.at\/wp-content\/uploads\/2016\/07\/GareMaritime_Albern-768x628.jpg 768w, http:\/\/verschuetteten.aichingerhaus.at\/wp-content\/uploads\/2016\/07\/GareMaritime_Albern-1024x838.jpg 1024w, http:\/\/verschuetteten.aichingerhaus.at\/wp-content\/uploads\/2016\/07\/GareMaritime_Albern.jpg 1100w\" sizes=\"(max-width: 300px) 100vw, 300px\" \/><\/a><figcaption id=\"caption-attachment-193\" class=\"wp-caption-text\">Gare Maritime Wien Albern<\/figcaption><\/figure>\n<p>Das Ilse-Aichinger-Haus gastiert am 5.11.2016 ab 14 Uhr am von Tr\u00e4umen erfundenden Hafen Albern (Treffpunkt Hafenkneipe, 1. Molostra\u00dfe, 1110 Wien, Stromkilometer 1918,3). \u2013 Bitte bringen Sie Ihr Radio mit.<\/p>\n<hr \/>\n<hr \/>\n<hr \/>\n<p><center><strong><a href=\"http:\/\/aichingerhaus.at\/?page_id=36\">Hausbootfaltungen<\/a><\/strong><\/center><center>Das Aichinger-Haus legt ab &#8212; ab Herbst in Ihrem Briefkasten! Reservieren Sie noch heute!<\/center><\/p>\n<hr \/>\n<hr \/>\n<hr \/>\n<p style=\"text-align: center;\"><strong>:aichinger \u2013 digital human<\/strong><\/p>\n<p style=\"text-align: center;\">Das Ilse-Aichinger-Haus l\u00e4dt zur Veranstaltung \u201e:aichinger \u2013 digital human\u201c in der <i>\u00d6sterreichischen Gesellschaft f\u00fcr Literatur<\/i> am 14. und 15. April 2016. N\u00e4heres im Programm der \u00d6GL unter <a href=\"http:\/\/www.ogl.at\/\">www.ogl.at<\/a>.<\/p>\n<hr \/>\n<hr \/>\n<hr \/>\n<p style=\"text-align: center;\"><b>\u201elebensarten, sterbensarten, aber vor allem kinoarten, kinoplakate, kinoeing\u00e4nge \u2013 dorthin, wo man immer hinwollte: ins herz der finsternis\u201c<\/b><\/p>\n<p style=\"text-align: center;\">Sehr geehrte Damen und Herren,<br \/>\n<i>Das Ilse-Aichinger-Haus<\/i> \u00f6ffnet abermals seine Pforten und l\u00e4dt zur Veranstaltung <i>An einen vierten M\u00e4rz<\/i>, die am <b>4. M\u00e4rz<\/b> im Filmmuseum stattfinden wird.<\/p>\n<p style=\"text-align: center;\">Aichingers Affinit\u00e4t zum Film und ihr Bezug zum Filmmuseum sind Ausgangspunkt der Veranstaltung. Die M\u00f6glichkeit des Verschwindens macht f\u00fcr Aichinger den Reiz am Kino aus, diese m\u00f6chten wir in eigener Weise hervorheben \u2013 aufgef\u00fchrt wird Bitomskys <i>Das Kino und der Tod<\/i>, ein Film in Worten.<\/p>\n<p style=\"text-align: center;\">Beginn: <b>15:00 Uhr<\/b>.<br \/>\nOrt: <a href=\"http:\/\/www.filmmuseum.at\/\"><b>Filmmuseum<\/b><\/a>. Augustinerstra\u00dfe 1, 1010 Wien.<\/p>\n<p style=\"text-align: center;\">Wir freuen uns auf Ihren Besuch,<br \/>\nIhr Ilse-Aichinger-Haus<\/p>\n<hr \/>\n<hr \/>\n<hr \/>\n<p style=\"text-align: center;\"><b>WIENACHAUCKLAND &#8211; Lesung<\/b><\/p>\n<p style=\"text-align: center;\">A<br \/>\nchtung!<br \/>\nDas Ilse-Aichinger-<br \/>\nHaus stellt sich (H)aus und<br \/>\nbezieht am 29. November 2015 im-<br \/>\nersten im Ersten: WIENACHAUCKLAND?<br \/>\nFrage(n) \u00fcber Fragen; Ant-W\u00f6rter sind (h)ausgenommen.<br \/>\nVom Laubhaufen bis zum Aichenparkett. Matrosen und Friseure.<br \/>\nAber auch Alternativen brauchen ihre Architekten. Auch Alternativen b<br \/>\nrauchen ihre Alternativen. Auch Alternativen brauchen ihre Aichit<br \/>\nekten. Auch Alternativen braichen ihre Architekten. Auch Alterna<br \/>\ntiven braichen ihre Alternativen. Auch Alternativen braichen ihre<br \/>\nAichitekten. Auch Alternativen rauchen ihre Architekten. Auch A<br \/>\nlternativen rauchen ihre Alternativen. Auch Alternativen rauchen<br \/>\nihre Aichitekten. Aich Alternativen brauchen ihre Architekten. Aic<br \/>\nh Architekten brauchen ihre Alternativen. Aich Alternativen brau<br \/>\nchen ihre Aichitekten. Aich Aichitekten braichen ihre Architekten.<\/p>\n<p style=\"text-align: center;\">Es lesen:<br \/>\nFriedrich Achleitner, Franziska F\u00fcchsl, Greta Lippauer, Peter Waterhouse<\/p>\n<p style=\"text-align: center;\">Anfang:<br \/>\n29.11., <a href=\"http:\/\/www.imersten.com\/Im-Ersten\/event\/lesung-wienachauckland\/\">19 Uhr<\/a><\/p>\n<p style=\"text-align: center;\"><i>Friedrich Achleitner<\/i>, 1930, Architekturstudium bei Clemens Holzmeister, 1953 Diplom, bis 1958 freier Architekt, dann freier Schriftsteller (Mitglied der \u201cwiener gruppe\u201d), Architekturkritiker und -publizist, Hochschullehrer, zuletzt Vorstand der Lehrkanzel f\u00fcr \u201cGeschichte und Theorie der Architektur\u201d an der Universit\u00e4t f\u00fcr angewandte Kunst in Wien, 1998 Emeritierung.<\/p>\n<p style=\"text-align: center;\"><i>Franziska F\u00fcchsl<\/i>, aus Putzleinsdorf\/O\u00d6, lebt und arbeitet in Wien; Studium der Germanistik und Anglistik; \u00dcbersetzerin in der Gruppe versatorium \u2013 verein f\u00fcr gedichte und \u00fcbersetzen. \u00fcbersetzt aus dem Englischen und Georgischen; schreibt auf deutsch, dialekt und englisch, zuletzt in A Perimeter\/New York (http:\/\/aperimeter.com) und im Jahrbuch der Lyrik 2015, DVA.<\/p>\n<p style=\"text-align: center;\"><i>Greta Lippauer<\/i>, geboren in K\u00e4rnten, seit 2009 Studium der Germanistik und Philosophie an der Universit\u00e4t Wien. Theatererfahrungen u.a. an der Schaub\u00fchne am Lehninerplatz, am Berliner Ensemble und am Burgtheater Wien; Nominierung f\u00fcr den Retzhofer Dramapreis 2015; Arbeitsstipendium f\u00fcr Literatur des bmukk 2015. Schreibt Kurzprosa, Lyrik und Theatertexte.<\/p>\n<p style=\"text-align: center;\"><i>Peter Waterhouse<\/i>, geboren 1956 in Berlin, lebt in Wien. Studium der Germanistik, Anglistik und Philosophie in Wien und Los Angeles. Er publizierte Gedichte, Essays, Erz\u00e4hlungen, Theaterst\u00fccke und \u00dcbersetzungen (u. a. von Michael Hamburger, Gerard Manley Hopkins, Biagio Marin, Andrea Zanzotto).<\/p>\n","protected":false},"excerpt":{"rendered":"<p>Tweets by aichingerhaus Aichinger-Haus @ twitter Aichinger-Haus @ facebook Tweets by aichingerhaus An einen 4. M\u00e4rz, an Stefan Zweig An einen 4. M\u00e4rz: an Stefan Zweig, Bitte! #stefanzweig pic.twitter.com\/hCimDp4YHH &mdash; Ilse-Aichinger-Haus (@aichingerhaus) 4. M\u00e4rz 2017 Als ich an einem andern Tage nach einem kurzen Nachmittagsschlaf die Augen \u00f6ffnete, meines Lebens noch nicht ganz sicher, h\u00f6rte &hellip; <a href=\"http:\/\/verschuetteten.aichingerhaus.at\/\" class=\"more-link\"><span class=\"screen-reader-text\">Aktuelles (bis 2017)<\/span> weiterlesen<\/a><\/p>\n","protected":false},"author":2,"featured_media":0,"parent":0,"menu_order":0,"comment_status":"closed","ping_status":"closed","template":"","meta":[],"_links":{"self":[{"href":"http:\/\/verschuetteten.aichingerhaus.at\/index.php?rest_route=\/wp\/v2\/pages\/14"}],"collection":[{"href":"http:\/\/verschuetteten.aichingerhaus.at\/index.php?rest_route=\/wp\/v2\/pages"}],"about":[{"href":"http:\/\/verschuetteten.aichingerhaus.at\/index.php?rest_route=\/wp\/v2\/types\/page"}],"author":[{"embeddable":true,"href":"http:\/\/verschuetteten.aichingerhaus.at\/index.php?rest_route=\/wp\/v2\/users\/2"}],"replies":[{"embeddable":true,"href":"http:\/\/verschuetteten.aichingerhaus.at\/index.php?rest_route=%2Fwp%2Fv2%2Fcomments&post=14"}],"version-history":[{"count":28,"href":"http:\/\/verschuetteten.aichingerhaus.at\/index.php?rest_route=\/wp\/v2\/pages\/14\/revisions"}],"predecessor-version":[{"id":283,"href":"http:\/\/verschuetteten.aichingerhaus.at\/index.php?rest_route=\/wp\/v2\/pages\/14\/revisions\/283"}],"wp:attachment":[{"href":"http:\/\/verschuetteten.aichingerhaus.at\/index.php?rest_route=%2Fwp%2Fv2%2Fmedia&parent=14"}],"curies":[{"name":"wp","href":"https:\/\/api.w.org\/{rel}","templated":true}]}}