{"id":30,"date":"2016-07-17T18:26:18","date_gmt":"2016-07-17T16:26:18","guid":{"rendered":"http:\/\/aichingerhaus.at\/?page_id=30"},"modified":"2016-08-20T12:18:46","modified_gmt":"2016-08-20T10:18:46","slug":"ausstellung-wienachauckland","status":"publish","type":"page","link":"http:\/\/verschuetteten.aichingerhaus.at\/?page_id=30","title":{"rendered":"Ausstellung wienachauckland"},"content":{"rendered":"<p><strong>wienachauckland (<b>26.11.2015 \u2013 4.3.2<\/b><strong>016)<\/strong><\/strong><\/p>\n<style type=\"text\/css\">\r\n\t#foogallery-gallery-162 .fg-image {\r\n        width: 150px;\r\n    }\r\n<\/style>\r\n\t\t\t\t<div class=\"foogallery foogallery-container foogallery-default foogallery-lightbox-foobox fg-gutter-10 fg-center fg-default fg-light fg-border-thin fg-shadow-outline fg-loading-default fg-loaded-fade-in fg-caption-hover fg-hover-fade fg-hover-zoom fg-ready\" id=\"foogallery-gallery-162\" data-foogallery=\"{&quot;item&quot;:{&quot;showCaptionTitle&quot;:true,&quot;showCaptionDescription&quot;:true},&quot;lazy&quot;:true}\" >\r\n\t<div class=\"fg-item fg-type-image fg-idle\"><figure class=\"fg-item-inner\"><a href=\"http:\/\/verschuetteten.aichingerhaus.at\/wp-content\/uploads\/2016\/08\/Oberhumer_Auckland.png\" data-caption-title=\"(c) Georg Oberhumer 2015\" data-attachment-id=\"177\" class=\"fg-thumb\"><span class=\"fg-image-wrap\"><img title=\"(c) Georg Oberhumer 2015\" width=\"150\" height=\"150\" class=\"skip-lazy fg-image\" data-src-fg=\"http:\/\/verschuetteten.aichingerhaus.at\/wp-content\/uploads\/cache\/2016\/08\/Oberhumer_Auckland\/1488865140.png\" src=\"data:image\/svg+xml,%3Csvg%20xmlns%3D%22http%3A%2F%2Fwww.w3.org%2F2000%2Fsvg%22%20width%3D%22150%22%20height%3D%22150%22%20viewBox%3D%220%200%20150%20150%22%3E%3C%2Fsvg%3E\" loading=\"eager\"><\/span><span class=\"fg-image-overlay\"><\/span><\/a><figcaption class=\"fg-caption\"><div class=\"fg-caption-inner\"><div class=\"fg-caption-title\">(c) Georg Oberhumer 2015<\/div><\/div><\/figcaption><\/figure><div class=\"fg-loader\"><\/div><\/div><div class=\"fg-item fg-type-image fg-idle\"><figure class=\"fg-item-inner\"><a href=\"http:\/\/verschuetteten.aichingerhaus.at\/wp-content\/uploads\/2016\/08\/AUSSTELLUNG_CINDY-Antipo.png\" data-caption-title=\"(c) Cindy Leitner 2015\" data-attachment-id=\"165\" class=\"fg-thumb\"><span class=\"fg-image-wrap\"><img title=\"(c) Cindy Leitner 2015\" width=\"150\" height=\"150\" class=\"skip-lazy fg-image\" data-src-fg=\"http:\/\/verschuetteten.aichingerhaus.at\/wp-content\/uploads\/cache\/2016\/08\/AUSSTELLUNG_CINDY-Antipo\/207396729.png\" src=\"data:image\/svg+xml,%3Csvg%20xmlns%3D%22http%3A%2F%2Fwww.w3.org%2F2000%2Fsvg%22%20width%3D%22150%22%20height%3D%22150%22%20viewBox%3D%220%200%20150%20150%22%3E%3C%2Fsvg%3E\" loading=\"eager\"><\/span><span class=\"fg-image-overlay\"><\/span><\/a><figcaption class=\"fg-caption\"><div class=\"fg-caption-inner\"><div class=\"fg-caption-title\">(c) Cindy Leitner 2015<\/div><\/div><\/figcaption><\/figure><div class=\"fg-loader\"><\/div><\/div><div class=\"fg-item fg-type-image fg-idle\"><figure class=\"fg-item-inner\"><a href=\"http:\/\/verschuetteten.aichingerhaus.at\/wp-content\/uploads\/2016\/08\/AUSSTELLUNG_NATALIE-Fremdsprache.png\" data-caption-title=\"(c) Natalie Neumaier 2015\" data-attachment-id=\"166\" class=\"fg-thumb\"><span class=\"fg-image-wrap\"><img title=\"(c) Natalie Neumaier 2015\" width=\"150\" height=\"150\" class=\"skip-lazy fg-image\" data-src-fg=\"http:\/\/verschuetteten.aichingerhaus.at\/wp-content\/uploads\/cache\/2016\/08\/AUSSTELLUNG_NATALIE-Fremdsprache\/408839204.png\" src=\"data:image\/svg+xml,%3Csvg%20xmlns%3D%22http%3A%2F%2Fwww.w3.org%2F2000%2Fsvg%22%20width%3D%22150%22%20height%3D%22150%22%20viewBox%3D%220%200%20150%20150%22%3E%3C%2Fsvg%3E\" loading=\"eager\"><\/span><span class=\"fg-image-overlay\"><\/span><\/a><figcaption class=\"fg-caption\"><div class=\"fg-caption-inner\"><div class=\"fg-caption-title\">(c) Natalie Neumaier 2015<\/div><\/div><\/figcaption><\/figure><div class=\"fg-loader\"><\/div><\/div><div class=\"fg-item fg-type-image fg-idle\"><figure class=\"fg-item-inner\"><a href=\"http:\/\/verschuetteten.aichingerhaus.at\/wp-content\/uploads\/2016\/08\/AUSSTELLUNG_NATALIE-Auckland.png\" data-caption-title=\"(c) Natalie Neumaier 2015\" data-attachment-id=\"167\" class=\"fg-thumb\"><span class=\"fg-image-wrap\"><img title=\"(c) Natalie Neumaier 2015\" width=\"150\" height=\"150\" class=\"skip-lazy fg-image\" data-src-fg=\"http:\/\/verschuetteten.aichingerhaus.at\/wp-content\/uploads\/cache\/2016\/08\/AUSSTELLUNG_NATALIE-Auckland\/1999108538.png\" src=\"data:image\/svg+xml,%3Csvg%20xmlns%3D%22http%3A%2F%2Fwww.w3.org%2F2000%2Fsvg%22%20width%3D%22150%22%20height%3D%22150%22%20viewBox%3D%220%200%20150%20150%22%3E%3C%2Fsvg%3E\" loading=\"eager\"><\/span><span class=\"fg-image-overlay\"><\/span><\/a><figcaption class=\"fg-caption\"><div class=\"fg-caption-inner\"><div class=\"fg-caption-title\">(c) Natalie Neumaier 2015<\/div><\/div><\/figcaption><\/figure><div class=\"fg-loader\"><\/div><\/div><\/div>\r\n\n<p>Ilse Aichinger, die Autorin unspektakul\u00e4rer Unterg\u00e4nge hat schon einmal \u00fcber das Verhalten auf sinkenden Schiffen berichtet und vom Niederrei\u00dfen der Stacheldrahtz\u00e4une. Das Ilse-Aichinger-Haus dagegen l\u00e4sst Mauern gar nicht erst aufkommen. Galerien stellen nur Vorw\u00e4nde dar und auf S\u00e4ulen ist schon lange kein Verlass mehr. Stattdessen wird der Bau von Querbalken gest\u00fctzt. Sein Fundament besteht auf unglaubw\u00fcrdige Risse. Manche Ausstellungen f\u00fchren nirgendwohin. Wiennachauckland soll dazu bringen, stehen zu bleiben. Sie zeigt auf die andere Seite der Welt, wo Antipoden zu finden sind und manchmal die Kopff\u00fc\u00dfler von Kinderzeichnungen. Neuseeland ist l\u00e4ngst kein wei\u00dfer Fleck auf einer Karte oder einem Sessel mehr, keine gezuckerte Milch wurde versch\u00fcttet, nichts scheint zu bedenken. Trotzdem k\u00e4mpft der Missionar damit, seine Geschichte von Anfang bis zum Ende zu erz\u00e4hlen. Ihm hilft noch die Erinnerung, er selbst hilft sich mit Weitschweifigkeit aus. Trotzdem verliert er kein Wort \u00fcber Maoriek\u00f6pfe im Weltmuseum. Der Matrose aus Quentin dagegen ist heiter und ihm hilft seine Heiterkeit, ohne dass er wei\u00df wo er ist und wie es weitegeht. Die Erde braucht kein Gegengewicht mehr um sich erkl\u00e4ren zu k\u00f6nnen, keine Landmasse ist mehr vorausgesetzt. Je weniger Idylle desto besser. Und so lassen Orte keine Orientierungen mehr zu und \u00fcberschneiden sich an mehr als einer Stelle. Friseure lassen in diesem Fall an Dauerwellen und Wellenreiten denken, an verbrannte Haare und Weihnachtsengel. Wer den Moritzplatz kennt, f\u00fcrchtet sich nicht mehr vor Basilisken und Grie\u00dfnockerlsuppen aus Tankstellen spenden Trost. Der Matrosen aus Frisco ist in seiner Fl\u00fcchtigkeit auf Friseure angewiesen obwohl es keine Garantie mehr gibt. Niemand kann ihm seine eigene Geschichte mehr versichern, ihm hilft nur mehr wenig. Zweifel haben sich eingeschlichen, nicht nur an Balkon und seine Erz\u00e4hlung bekommt auch durch Wiederholung keine Glaubw\u00fcrdigkeit mehr. Auch wenn es immer die gleichen Wege sind kann von Reisen ausgegangen werden, aber mit kleinen vorsichtigen Schritten und mit einem Hinschauen, das Vorher noch nicht da war. Auckland taucht jetzt an unerwarteten Stellen auf, auch ohne Zwischenrufer. Schon lange kann keine Unterscheidung mehr getroffen werden und der Bericht selbst beginnt das Ereignis auszul\u00f6schen. Das Meer \u00fcberflutet alle L\u00e4ngen und Breitengrade und l\u00e4sst die Schiffsfahrtlinien verl\u00f6schen. Wie Fische, leicht zu t\u00f6ten aber schwer aus der Bahn zu bringen nimmt sich Wiennachauckland zur\u00fcck. Mit zusammengerollter Flagge kann kein Land beansprucht werden, kein Platz und keine Stra\u00dfe. Die Ausstellung bleibt am Rande, die Fragen k\u00f6nnen weder beantwortet noch gestellt werden. Auckland bleibt au\u00dfer Reichweite. Ebenso wie Wien.<\/p>\n<p>Das Ilse Aichinger Haus pr\u00e4sentiert in seiner Herbstausstellung <i>wienachauckland?<\/i> \u00fcber zwei Etagen herausragende Exponate zum Werk der \u00f6sterreichischen Autorin Ilse Aichinger. In diesem Jahr wird das H\u00f6rspiel \u201eAuckland\u201c und dessen literarische Topographie mit Werken aus Malerei, Fotografie und der Konzeptkunst, insbesondere der artistic research, entfaltet.<\/p>\n<style type=\"text\/css\">\r\n\t#foogallery-gallery-114 .fg-image {\r\n        width: 150px;\r\n    }\r\n<\/style>\r\n\t\t\t\t<div class=\"foogallery foogallery-container foogallery-default foogallery-lightbox-foobox fg-gutter-10 fg-center fg-default fg-light fg-border-thin fg-shadow-outline fg-loading-default fg-loaded-fade-in fg-caption-hover fg-hover-fade fg-hover-zoom fg-ready\" id=\"foogallery-gallery-114\" data-foogallery=\"{&quot;item&quot;:{&quot;showCaptionTitle&quot;:true,&quot;showCaptionDescription&quot;:true},&quot;lazy&quot;:true}\" >\r\n\t<div class=\"fg-item fg-type-image fg-idle\"><figure class=\"fg-item-inner\"><a href=\"http:\/\/verschuetteten.aichingerhaus.at\/wp-content\/uploads\/2016\/07\/DSC_1460.jpg\" data-attachment-id=\"115\" class=\"fg-thumb\"><span class=\"fg-image-wrap\"><img width=\"150\" height=\"150\" class=\"skip-lazy fg-image\" data-src-fg=\"http:\/\/verschuetteten.aichingerhaus.at\/wp-content\/uploads\/cache\/2016\/07\/DSC_1460\/774559102.jpg\" src=\"data:image\/svg+xml,%3Csvg%20xmlns%3D%22http%3A%2F%2Fwww.w3.org%2F2000%2Fsvg%22%20width%3D%22150%22%20height%3D%22150%22%20viewBox%3D%220%200%20150%20150%22%3E%3C%2Fsvg%3E\" loading=\"eager\"><\/span><span class=\"fg-image-overlay\"><\/span><\/a><figcaption class=\"fg-caption\"><div class=\"fg-caption-inner\"><\/div><\/figcaption><\/figure><div class=\"fg-loader\"><\/div><\/div><div class=\"fg-item fg-type-image fg-idle\"><figure class=\"fg-item-inner\"><a href=\"http:\/\/verschuetteten.aichingerhaus.at\/wp-content\/uploads\/2016\/07\/DSC_1482.jpg\" data-attachment-id=\"116\" class=\"fg-thumb\"><span class=\"fg-image-wrap\"><img width=\"150\" height=\"150\" class=\"skip-lazy fg-image\" data-src-fg=\"http:\/\/verschuetteten.aichingerhaus.at\/wp-content\/uploads\/cache\/2016\/07\/DSC_1482\/857821250.jpg\" src=\"data:image\/svg+xml,%3Csvg%20xmlns%3D%22http%3A%2F%2Fwww.w3.org%2F2000%2Fsvg%22%20width%3D%22150%22%20height%3D%22150%22%20viewBox%3D%220%200%20150%20150%22%3E%3C%2Fsvg%3E\" loading=\"eager\"><\/span><span class=\"fg-image-overlay\"><\/span><\/a><figcaption class=\"fg-caption\"><div class=\"fg-caption-inner\"><\/div><\/figcaption><\/figure><div class=\"fg-loader\"><\/div><\/div><div class=\"fg-item fg-type-image fg-idle\"><figure class=\"fg-item-inner\"><a href=\"http:\/\/verschuetteten.aichingerhaus.at\/wp-content\/uploads\/2016\/07\/DSC_1448.jpg\" data-attachment-id=\"117\" class=\"fg-thumb\"><span class=\"fg-image-wrap\"><img width=\"150\" height=\"150\" class=\"skip-lazy fg-image\" data-src-fg=\"http:\/\/verschuetteten.aichingerhaus.at\/wp-content\/uploads\/cache\/2016\/07\/DSC_1448\/2158064912.jpg\" src=\"data:image\/svg+xml,%3Csvg%20xmlns%3D%22http%3A%2F%2Fwww.w3.org%2F2000%2Fsvg%22%20width%3D%22150%22%20height%3D%22150%22%20viewBox%3D%220%200%20150%20150%22%3E%3C%2Fsvg%3E\" loading=\"eager\"><\/span><span class=\"fg-image-overlay\"><\/span><\/a><figcaption class=\"fg-caption\"><div class=\"fg-caption-inner\"><\/div><\/figcaption><\/figure><div class=\"fg-loader\"><\/div><\/div><\/div>\r\n\n<p>&nbsp;<\/p>\n<p>Die Ausstellung <i>wienachauckland?<\/i> l\u00e4dt ihre BesucherInnen ein, die Routen und Verbindungslinien von Wien nach Auckland zu erkunden. Ausgangspunkt der Reise, die sich in N\u00e4hen und Fernen verliert, bildet das H\u00f6rspiel Auckland (1969) der Wiener Autorin Ilse Aichinger. Auckland ist nahezu genau die geographische Antipode Wiens. Die \u00fcberraschende Beziehung zwischen den Orten, die eine maximale Distanz in eine spezifische N\u00e4he wendet und damit die Identit\u00e4t der Orte neu sch\u00f6pft und verunsichert, steht im Mittelpunkt der intermedialen Ausstellung <i>wienachauckland<\/i>. Auf einer Vielzahl medialer Kan\u00e4le werden die Wege nach Auckland gesucht. Der zwischen Mikro- und Makroskopie schwankende Fokus auf den H\u00f6rspieltext f\u00fchrt zu produktiven Distortationen. Der Klang einer Stimme, im nebeneinander brechen sie wellenartig, pr\u00e4gt jeweils Form und Inhalt der ihnen gewidmeten R\u00e4ume. Die Struktur des H\u00f6rspiels wird zu derjenigen der Ausstellung:<\/p>\n<p>Der erste Raum resonniert mit dem Missionar und seinen Versuchen ein Erlebnis von Anfang bis Ende zu erz\u00e4hlen, selbst wenn es bedeutet, weitschweifig zu werden und sich im r\u00e4sonnieren zu verlieren. Neben Informationen zu historischen Kontexten finden Sie in diesem Raum seltene Exponate, wie ein Originalmanuskript der vermutlich ersten, nur handschriftlich \u00fcberlieferten \u00dcbersetzung des H\u00f6rspiels Auckland durch Joseph Conrad von 1869 mit dem Arbeitstitel Heart of Darkness &#8212; \u00a0heute eine weniger g\u00e4ngige Bezeichnung Wiens.<\/p>\n<p>Im zweiten Raum h\u00f6rt man die Stimme des Matrosen aus Quentin, der die eigene Orientierungslosigkeit in seiner br\u00fcchigen Erz\u00e4hlung mit Heiterkeit \u00fcberspielt. Die akustische Rauminstallation geht einher mit der Exposition visueller Arbeiten. In der Vielzahl k\u00fcnstlerischer Ann\u00e4herungen ist besonders die Fotoserie von Karl Mags hervorzuheben: Das geheimnisvolle L\u00e4cheln des \u201eFr\u00e4ulein Kafka\u201c, in Printmedien oftmals\u00a0reproduziert, wird bei Mags zum Ausgangspunkt einer Untersuchung der Autorit\u00e4t und Authentizit\u00e4t mimischer und mimetischer Produktion. Zur Frage steht laut Mags nicht weniger, als das Aufscheinen der \u00fcberspielten Antipode durch Transparenzeffekte.<\/p>\n<p>Im Raum zum Matrosen aus Frisco dreht sich alles schlie\u00dflich um die Eins\u00e4tze des Erz\u00e4hlens und ihre Fl\u00fcchtigkeit. Die Ausstellung versucht den Blick auf die kulturellen Mechanismen hinter den besagten Eins\u00e4tzen zu lenken: Was bedarf es, um die eigenen Erlebnisse zu behaupten? Wie kann ich f\u00fcr mich selbst b\u00fcrgen? Wer oder was bietet die Garantie, dass es so war, wie ich\u00a0es erlebte? Das Aufrollen einer Flagge, das Umherirren auf hoher See, Verfolgung und Gewalt? Die Frage nach dem Einsatz des Erz\u00e4hlens wird in <em>Auckland<\/em> nicht wie allzu oftmit der Erwartung auf Rechtfertigungen an ein\u00a0Gegen\u00fcber gestellt , sondern ans eigene Ich.<\/p>\n<p>Die weiteren Stimmen des H\u00f6rspiels, Vau und We, der Friseur Jose, die Frau oder das Kind unterbrechen und kommentieren die jeweiligen Versuche ein zusammenh\u00e4ngendes und dennoch eigenes Narrativ zu konstruieren \u2013 Wir freuen uns auf Ihren Besuch.<\/p>\n<style type=\"text\/css\">\r\n\t#foogallery-gallery-170 .fg-image {\r\n        width: 150px;\r\n    }\r\n<\/style>\r\n\t\t\t\t<div class=\"foogallery foogallery-container foogallery-default foogallery-lightbox-foobox fg-gutter-10 fg-center fg-default fg-light fg-border-thin fg-shadow-outline fg-loading-default fg-loaded-fade-in fg-caption-hover fg-hover-fade fg-hover-zoom fg-ready\" id=\"foogallery-gallery-170\" data-foogallery=\"{&quot;item&quot;:{&quot;showCaptionTitle&quot;:true,&quot;showCaptionDescription&quot;:true},&quot;lazy&quot;:true}\" >\r\n\t<div class=\"fg-item fg-type-image fg-idle\"><figure class=\"fg-item-inner\"><a href=\"http:\/\/verschuetteten.aichingerhaus.at\/wp-content\/uploads\/2016\/08\/POSTKARTE_zuwenden.png\" data-caption-title=\"(c) Brigitta H\u00f6pler 2015\" data-attachment-id=\"172\" class=\"fg-thumb\"><span class=\"fg-image-wrap\"><img title=\"(c) Brigitta H\u00f6pler 2015\" width=\"150\" height=\"150\" class=\"skip-lazy fg-image\" data-src-fg=\"http:\/\/verschuetteten.aichingerhaus.at\/wp-content\/uploads\/cache\/2016\/08\/POSTKARTE_zuwenden\/2824101431.png\" src=\"data:image\/svg+xml,%3Csvg%20xmlns%3D%22http%3A%2F%2Fwww.w3.org%2F2000%2Fsvg%22%20width%3D%22150%22%20height%3D%22150%22%20viewBox%3D%220%200%20150%20150%22%3E%3C%2Fsvg%3E\" loading=\"eager\"><\/span><span class=\"fg-image-overlay\"><\/span><\/a><figcaption class=\"fg-caption\"><div class=\"fg-caption-inner\"><div class=\"fg-caption-title\">(c) Brigitta H\u00f6pler 2015<\/div><\/div><\/figcaption><\/figure><div class=\"fg-loader\"><\/div><\/div><div class=\"fg-item fg-type-image fg-idle\"><figure class=\"fg-item-inner\"><a href=\"http:\/\/verschuetteten.aichingerhaus.at\/wp-content\/uploads\/2016\/08\/POSTKARTE_fragmente.png\" data-caption-title=\"(c) Brigitta H\u00f6pler 2015\" data-attachment-id=\"173\" class=\"fg-thumb\"><span class=\"fg-image-wrap\"><img title=\"(c) Brigitta H\u00f6pler 2015\" width=\"150\" height=\"150\" class=\"skip-lazy fg-image\" data-src-fg=\"http:\/\/verschuetteten.aichingerhaus.at\/wp-content\/uploads\/cache\/2016\/08\/POSTKARTE_fragmente\/1410650080.png\" src=\"data:image\/svg+xml,%3Csvg%20xmlns%3D%22http%3A%2F%2Fwww.w3.org%2F2000%2Fsvg%22%20width%3D%22150%22%20height%3D%22150%22%20viewBox%3D%220%200%20150%20150%22%3E%3C%2Fsvg%3E\" loading=\"eager\"><\/span><span class=\"fg-image-overlay\"><\/span><\/a><figcaption class=\"fg-caption\"><div class=\"fg-caption-inner\"><div class=\"fg-caption-title\">(c) Brigitta H\u00f6pler 2015<\/div><\/div><\/figcaption><\/figure><div class=\"fg-loader\"><\/div><\/div><div class=\"fg-item fg-type-image fg-idle\"><figure class=\"fg-item-inner\"><a href=\"http:\/\/verschuetteten.aichingerhaus.at\/wp-content\/uploads\/2016\/08\/POSTKARTE_blaettern.png\" data-caption-title=\"(c) Brigitta H\u00f6pler 2015\" data-attachment-id=\"174\" class=\"fg-thumb\"><span class=\"fg-image-wrap\"><img title=\"(c) Brigitta H\u00f6pler 2015\" width=\"150\" height=\"150\" class=\"skip-lazy fg-image\" data-src-fg=\"http:\/\/verschuetteten.aichingerhaus.at\/wp-content\/uploads\/cache\/2016\/08\/POSTKARTE_blaettern\/762274016.png\" src=\"data:image\/svg+xml,%3Csvg%20xmlns%3D%22http%3A%2F%2Fwww.w3.org%2F2000%2Fsvg%22%20width%3D%22150%22%20height%3D%22150%22%20viewBox%3D%220%200%20150%20150%22%3E%3C%2Fsvg%3E\" loading=\"eager\"><\/span><span class=\"fg-image-overlay\"><\/span><\/a><figcaption class=\"fg-caption\"><div class=\"fg-caption-inner\"><div class=\"fg-caption-title\">(c) Brigitta H\u00f6pler 2015<\/div><\/div><\/figcaption><\/figure><div class=\"fg-loader\"><\/div><\/div><\/div>\r\n\n<p>Es stellen aus:<br \/>\n<a href=\"http:\/\/www.brigittahoepler.at\/\">Brigitta H\u00f6pler<\/a>, <a href=\"http:\/\/cindyleitner.jimdo.com\/\">Cindy Leitner<\/a>, Natalie Neumaier, <a href=\"http:\/\/www.georgoberhumer.at\/\">Georg Oberhumer<\/a>, \u2026<\/p>\n<p>&nbsp;<\/p>\n","protected":false},"excerpt":{"rendered":"<p>wienachauckland (26.11.2015 \u2013 4.3.2016) Ilse Aichinger, die Autorin unspektakul\u00e4rer Unterg\u00e4nge hat schon einmal \u00fcber das Verhalten auf sinkenden Schiffen berichtet und vom Niederrei\u00dfen der Stacheldrahtz\u00e4une. Das Ilse-Aichinger-Haus dagegen l\u00e4sst Mauern gar nicht erst aufkommen. Galerien stellen nur Vorw\u00e4nde dar und auf S\u00e4ulen ist schon lange kein Verlass mehr. Stattdessen wird der Bau von Querbalken gest\u00fctzt. &hellip; <a href=\"http:\/\/verschuetteten.aichingerhaus.at\/?page_id=30\" class=\"more-link\"><span class=\"screen-reader-text\">Ausstellung wienachauckland<\/span> weiterlesen<\/a><\/p>\n","protected":false},"author":2,"featured_media":0,"parent":0,"menu_order":0,"comment_status":"closed","ping_status":"closed","template":"","meta":[],"_links":{"self":[{"href":"http:\/\/verschuetteten.aichingerhaus.at\/index.php?rest_route=\/wp\/v2\/pages\/30"}],"collection":[{"href":"http:\/\/verschuetteten.aichingerhaus.at\/index.php?rest_route=\/wp\/v2\/pages"}],"about":[{"href":"http:\/\/verschuetteten.aichingerhaus.at\/index.php?rest_route=\/wp\/v2\/types\/page"}],"author":[{"embeddable":true,"href":"http:\/\/verschuetteten.aichingerhaus.at\/index.php?rest_route=\/wp\/v2\/users\/2"}],"replies":[{"embeddable":true,"href":"http:\/\/verschuetteten.aichingerhaus.at\/index.php?rest_route=%2Fwp%2Fv2%2Fcomments&post=30"}],"version-history":[{"count":9,"href":"http:\/\/verschuetteten.aichingerhaus.at\/index.php?rest_route=\/wp\/v2\/pages\/30\/revisions"}],"predecessor-version":[{"id":178,"href":"http:\/\/verschuetteten.aichingerhaus.at\/index.php?rest_route=\/wp\/v2\/pages\/30\/revisions\/178"}],"wp:attachment":[{"href":"http:\/\/verschuetteten.aichingerhaus.at\/index.php?rest_route=%2Fwp%2Fv2%2Fmedia&parent=30"}],"curies":[{"name":"wp","href":"https:\/\/api.w.org\/{rel}","templated":true}]}}