{"id":36,"date":"2016-07-17T18:29:13","date_gmt":"2016-07-17T16:29:13","guid":{"rendered":"http:\/\/aichingerhaus.at\/?page_id=36"},"modified":"2023-06-23T10:47:50","modified_gmt":"2023-06-23T08:47:50","slug":"hausbootfaltungen","status":"publish","type":"page","link":"http:\/\/verschuetteten.aichingerhaus.at\/?page_id=36","title":{"rendered":"Hausbootfaltungen"},"content":{"rendered":"<p><b>Hausboot-Faltungen<\/b><\/p>\n<p><b>oder Wie die H\u00fchner auf dem Wohnboot andere Priorit\u00e4ten schaffen<\/b><\/p>\n<p><span style=\"font-weight: 400;\">W\u00e4hrend <\/span><i><span style=\"font-weight: 400;\">Das Bauen von D\u00f6rfern <\/span><\/i><span style=\"font-weight: 400;\">dazu f\u00fchrt, dass Holzh\u00fctten leicht zu gemauerten H\u00e4usern werden und es M\u00fche macht bei nur einem Haus zu bleiben, bauen die Papierfiguren in <\/span><i><span style=\"font-weight: 400;\">Eliza Eliza <\/span><\/i><span style=\"font-weight: 400;\">aus dem F\u00e4cher vor dem Haus ein Schiff und k\u00f6nnen damit fliegen. Auch in der gr\u00f6\u00dferen Hoffnung ist zu lesen, dass es sich hart genug auf dieser Welt liegt, w\u00e4ren da keine kleinen Papierschiffe. Das Ilse-Aichinger-Haus, das Mauern gar nicht erst aufkommen l\u00e4sst, nimmt sich deshalb der papiernen Schifffahrt an: Salzschiffe (vR, K), Passagierschiffe (E), Flu\u00dfschiffe (zkSt), Schulschiffe (dgH), Ruderboote (FuV), Geleitboote (dG), Rettungsboote (dgH, E, FuV), Segelboote (dG), Fischerboote (dgH), Kanonenboote (A) und Kriegs- (R), Flagg- (A) und Zielschiffe (vR), Postschiffe (EE), Vorpostenboote (K), Wohnboote mit H\u00fchnern (FuV), Zollschiffe (zkSt), vielleicht auch L\u00e4ngs- und Querschiffe (EE, KMF, R) und fliegende (EE), strandende (sW) und scheiternde Schiffe (E, FuV) die schwer zu entziffern sind.<\/span><\/p>\n<p><span style=\"font-weight: 400;\">Die noch ungefaltenen Schiffe werden von uns einzeln kuvertiert, per Post verschifft und k\u00f6nnen nach Ankunft in den maritimen Bahnh\u00f6fen der b\u00fcrgerlichen Briefk\u00e4sten \u2013 Vororte der vermeintlich privaten Umgebungen \u2013 in Empfang genommen und gefalten werden: dort, im semi-\u00f6ffentlichen Raum der Publikation, k\u00f6nnen sie dann sowohl dem Wohnen als auch dem \u00dcbersetzen dienen. Es werden zwei Versandoptionen angeboten: Die w\u00f6chentliche Zustellungen zum Selber-Sammeln ab November 2016 oder mit einer kleinen Verz\u00f6gerung, die Aussendung einer Ausgabe s\u00e4mtlicher Briefe, selbstverst\u00e4ndlich rotfadengeb\u00fcndelt.<\/span><\/p>\n","protected":false},"excerpt":{"rendered":"<p>Hausboot-Faltungen oder Wie die H\u00fchner auf dem Wohnboot andere Priorit\u00e4ten schaffen W\u00e4hrend Das Bauen von D\u00f6rfern dazu f\u00fchrt, dass Holzh\u00fctten leicht zu gemauerten H\u00e4usern werden und es M\u00fche macht bei nur einem Haus zu bleiben, bauen die Papierfiguren in Eliza Eliza aus dem F\u00e4cher vor dem Haus ein Schiff und k\u00f6nnen damit fliegen. Auch in &hellip; <a href=\"http:\/\/verschuetteten.aichingerhaus.at\/?page_id=36\" class=\"more-link\"><span class=\"screen-reader-text\">Hausbootfaltungen<\/span> weiterlesen<\/a><\/p>\n","protected":false},"author":2,"featured_media":0,"parent":0,"menu_order":0,"comment_status":"closed","ping_status":"closed","template":"","meta":[],"_links":{"self":[{"href":"http:\/\/verschuetteten.aichingerhaus.at\/index.php?rest_route=\/wp\/v2\/pages\/36"}],"collection":[{"href":"http:\/\/verschuetteten.aichingerhaus.at\/index.php?rest_route=\/wp\/v2\/pages"}],"about":[{"href":"http:\/\/verschuetteten.aichingerhaus.at\/index.php?rest_route=\/wp\/v2\/types\/page"}],"author":[{"embeddable":true,"href":"http:\/\/verschuetteten.aichingerhaus.at\/index.php?rest_route=\/wp\/v2\/users\/2"}],"replies":[{"embeddable":true,"href":"http:\/\/verschuetteten.aichingerhaus.at\/index.php?rest_route=%2Fwp%2Fv2%2Fcomments&post=36"}],"version-history":[{"count":12,"href":"http:\/\/verschuetteten.aichingerhaus.at\/index.php?rest_route=\/wp\/v2\/pages\/36\/revisions"}],"predecessor-version":[{"id":267,"href":"http:\/\/verschuetteten.aichingerhaus.at\/index.php?rest_route=\/wp\/v2\/pages\/36\/revisions\/267"}],"wp:attachment":[{"href":"http:\/\/verschuetteten.aichingerhaus.at\/index.php?rest_route=%2Fwp%2Fv2%2Fmedia&parent=36"}],"curies":[{"name":"wp","href":"https:\/\/api.w.org\/{rel}","templated":true}]}}