{"id":79,"date":"2016-07-18T06:11:24","date_gmt":"2016-07-18T04:11:24","guid":{"rendered":"http:\/\/aichingerhaus.at\/?page_id=79"},"modified":"2016-11-09T11:02:12","modified_gmt":"2016-11-09T10:02:12","slug":"wienachauckland","status":"publish","type":"page","link":"http:\/\/verschuetteten.aichingerhaus.at\/?page_id=79","title":{"rendered":"wienachauckland"},"content":{"rendered":"<p>Hier finden Sie Informationen zum Ausstellungsprojekt wienachauckland. Es wurde im November 2015 mit einer Lesung er\u00f6ffnet. Zu diesem Projekt geh\u00f6ren weiterhin der Auckland-Kanal und ein Auckland-H\u00f6rspiel.<\/p>\n","protected":false},"excerpt":{"rendered":"<p>Hier finden Sie Informationen zum Ausstellungsprojekt wienachauckland. Es wurde im November 2015 mit einer Lesung er\u00f6ffnet. Zu diesem Projekt geh\u00f6ren weiterhin der Auckland-Kanal und ein Auckland-H\u00f6rspiel.<\/p>\n","protected":false},"author":2,"featured_media":0,"parent":0,"menu_order":0,"comment_status":"closed","ping_status":"closed","template":"","meta":[],"_links":{"self":[{"href":"http:\/\/verschuetteten.aichingerhaus.at\/index.php?rest_route=\/wp\/v2\/pages\/79"}],"collection":[{"href":"http:\/\/verschuetteten.aichingerhaus.at\/index.php?rest_route=\/wp\/v2\/pages"}],"about":[{"href":"http:\/\/verschuetteten.aichingerhaus.at\/index.php?rest_route=\/wp\/v2\/types\/page"}],"author":[{"embeddable":true,"href":"http:\/\/verschuetteten.aichingerhaus.at\/index.php?rest_route=\/wp\/v2\/users\/2"}],"replies":[{"embeddable":true,"href":"http:\/\/verschuetteten.aichingerhaus.at\/index.php?rest_route=%2Fwp%2Fv2%2Fcomments&post=79"}],"version-history":[{"count":3,"href":"http:\/\/verschuetteten.aichingerhaus.at\/index.php?rest_route=\/wp\/v2\/pages\/79\/revisions"}],"predecessor-version":[{"id":231,"href":"http:\/\/verschuetteten.aichingerhaus.at\/index.php?rest_route=\/wp\/v2\/pages\/79\/revisions\/231"}],"wp:attachment":[{"href":"http:\/\/verschuetteten.aichingerhaus.at\/index.php?rest_route=%2Fwp%2Fv2%2Fmedia&parent=79"}],"curies":[{"name":"wp","href":"https:\/\/api.w.org\/{rel}","templated":true}]}}