{"id":84,"date":"2016-07-18T06:27:01","date_gmt":"2016-07-18T04:27:01","guid":{"rendered":"http:\/\/aichingerhaus.at\/?page_id=84"},"modified":"2016-07-18T10:22:14","modified_gmt":"2016-07-18T08:22:14","slug":"lesung-november-2015-ii","status":"publish","type":"page","link":"http:\/\/verschuetteten.aichingerhaus.at\/?page_id=84","title":{"rendered":"Lesung November 2015"},"content":{"rendered":"<style type=\"text\/css\">\r\n\t#foogallery-gallery-89 .fg-image {\r\n        width: 150px;\r\n    }\r\n<\/style>\r\n\t\t\t\t<div class=\"foogallery foogallery-container foogallery-default foogallery-lightbox-foobox fg-gutter-10 fg-center fg-default fg-light fg-border-thin fg-shadow-outline fg-loading-default fg-loaded-fade-in fg-caption-hover fg-hover-fade fg-hover-zoom fg-ready\" id=\"foogallery-gallery-89\" data-foogallery=\"{&quot;item&quot;:{&quot;showCaptionTitle&quot;:true,&quot;showCaptionDescription&quot;:true},&quot;lazy&quot;:true}\" >\r\n\t<div class=\"fg-item fg-type-image fg-idle\"><figure class=\"fg-item-inner\"><a href=\"http:\/\/verschuetteten.aichingerhaus.at\/wp-content\/uploads\/2016\/07\/X_vlcsnap-2016-07-11-17h24m15s849.png\" data-attachment-id=\"100\" class=\"fg-thumb\"><span class=\"fg-image-wrap\"><img width=\"150\" height=\"150\" class=\"skip-lazy fg-image\" data-src-fg=\"http:\/\/verschuetteten.aichingerhaus.at\/wp-content\/uploads\/cache\/2016\/07\/X_vlcsnap-2016-07-11-17h24m15s849\/3181057885.png\" src=\"data:image\/svg+xml,%3Csvg%20xmlns%3D%22http%3A%2F%2Fwww.w3.org%2F2000%2Fsvg%22%20width%3D%22150%22%20height%3D%22150%22%20viewBox%3D%220%200%20150%20150%22%3E%3C%2Fsvg%3E\" loading=\"eager\"><\/span><span class=\"fg-image-overlay\"><\/span><\/a><figcaption class=\"fg-caption\"><div class=\"fg-caption-inner\"><\/div><\/figcaption><\/figure><div class=\"fg-loader\"><\/div><\/div><div class=\"fg-item fg-type-image fg-idle\"><figure class=\"fg-item-inner\"><a href=\"http:\/\/verschuetteten.aichingerhaus.at\/wp-content\/uploads\/2016\/07\/X_vlcsnap-2016-07-11-17h28m47s530.png\" data-attachment-id=\"102\" class=\"fg-thumb\"><span class=\"fg-image-wrap\"><img width=\"150\" height=\"150\" class=\"skip-lazy fg-image\" data-src-fg=\"http:\/\/verschuetteten.aichingerhaus.at\/wp-content\/uploads\/cache\/2016\/07\/X_vlcsnap-2016-07-11-17h28m47s530\/754944769.png\" src=\"data:image\/svg+xml,%3Csvg%20xmlns%3D%22http%3A%2F%2Fwww.w3.org%2F2000%2Fsvg%22%20width%3D%22150%22%20height%3D%22150%22%20viewBox%3D%220%200%20150%20150%22%3E%3C%2Fsvg%3E\" loading=\"eager\"><\/span><span class=\"fg-image-overlay\"><\/span><\/a><figcaption class=\"fg-caption\"><div class=\"fg-caption-inner\"><\/div><\/figcaption><\/figure><div class=\"fg-loader\"><\/div><\/div><div class=\"fg-item fg-type-image fg-idle\"><figure class=\"fg-item-inner\"><a href=\"http:\/\/verschuetteten.aichingerhaus.at\/wp-content\/uploads\/2016\/07\/X_vlcsnap-2016-07-11-17h34m33s940.png\" data-attachment-id=\"103\" class=\"fg-thumb\"><span class=\"fg-image-wrap\"><img width=\"150\" height=\"150\" class=\"skip-lazy fg-image\" data-src-fg=\"http:\/\/verschuetteten.aichingerhaus.at\/wp-content\/uploads\/cache\/2016\/07\/X_vlcsnap-2016-07-11-17h34m33s940\/2464215463.png\" src=\"data:image\/svg+xml,%3Csvg%20xmlns%3D%22http%3A%2F%2Fwww.w3.org%2F2000%2Fsvg%22%20width%3D%22150%22%20height%3D%22150%22%20viewBox%3D%220%200%20150%20150%22%3E%3C%2Fsvg%3E\" loading=\"eager\"><\/span><span class=\"fg-image-overlay\"><\/span><\/a><figcaption class=\"fg-caption\"><div class=\"fg-caption-inner\"><\/div><\/figcaption><\/figure><div class=\"fg-loader\"><\/div><\/div><div class=\"fg-item fg-type-image fg-idle\"><figure class=\"fg-item-inner\"><a href=\"http:\/\/verschuetteten.aichingerhaus.at\/wp-content\/uploads\/2016\/07\/X_vlcsnap-2016-07-11-17h35m01s977.png\" data-attachment-id=\"104\" class=\"fg-thumb\"><span class=\"fg-image-wrap\"><img width=\"150\" height=\"150\" class=\"skip-lazy fg-image\" data-src-fg=\"http:\/\/verschuetteten.aichingerhaus.at\/wp-content\/uploads\/cache\/2016\/07\/X_vlcsnap-2016-07-11-17h35m01s977\/981939866.png\" src=\"data:image\/svg+xml,%3Csvg%20xmlns%3D%22http%3A%2F%2Fwww.w3.org%2F2000%2Fsvg%22%20width%3D%22150%22%20height%3D%22150%22%20viewBox%3D%220%200%20150%20150%22%3E%3C%2Fsvg%3E\" loading=\"eager\"><\/span><span class=\"fg-image-overlay\"><\/span><\/a><figcaption class=\"fg-caption\"><div class=\"fg-caption-inner\"><\/div><\/figcaption><\/figure><div class=\"fg-loader\"><\/div><\/div><div class=\"fg-item fg-type-image fg-idle\"><figure class=\"fg-item-inner\"><a href=\"http:\/\/verschuetteten.aichingerhaus.at\/wp-content\/uploads\/2016\/07\/X_vlcsnap-2016-07-11-17h26m19s059.png\" data-attachment-id=\"101\" class=\"fg-thumb\"><span class=\"fg-image-wrap\"><img width=\"150\" height=\"150\" class=\"skip-lazy fg-image\" data-src-fg=\"http:\/\/verschuetteten.aichingerhaus.at\/wp-content\/uploads\/cache\/2016\/07\/X_vlcsnap-2016-07-11-17h26m19s059\/1091652937.png\" src=\"data:image\/svg+xml,%3Csvg%20xmlns%3D%22http%3A%2F%2Fwww.w3.org%2F2000%2Fsvg%22%20width%3D%22150%22%20height%3D%22150%22%20viewBox%3D%220%200%20150%20150%22%3E%3C%2Fsvg%3E\" loading=\"eager\"><\/span><span class=\"fg-image-overlay\"><\/span><\/a><figcaption class=\"fg-caption\"><div class=\"fg-caption-inner\"><\/div><\/figcaption><\/figure><div class=\"fg-loader\"><\/div><\/div><div class=\"fg-item fg-type-image fg-idle\"><figure class=\"fg-item-inner\"><a href=\"http:\/\/verschuetteten.aichingerhaus.at\/wp-content\/uploads\/2016\/07\/X_vlcsnap-2016-07-11-17h44m49s415.png\" data-attachment-id=\"107\" class=\"fg-thumb\"><span class=\"fg-image-wrap\"><img width=\"150\" height=\"150\" class=\"skip-lazy fg-image\" data-src-fg=\"http:\/\/verschuetteten.aichingerhaus.at\/wp-content\/uploads\/cache\/2016\/07\/X_vlcsnap-2016-07-11-17h44m49s415\/2182015997.png\" src=\"data:image\/svg+xml,%3Csvg%20xmlns%3D%22http%3A%2F%2Fwww.w3.org%2F2000%2Fsvg%22%20width%3D%22150%22%20height%3D%22150%22%20viewBox%3D%220%200%20150%20150%22%3E%3C%2Fsvg%3E\" loading=\"eager\"><\/span><span class=\"fg-image-overlay\"><\/span><\/a><figcaption class=\"fg-caption\"><div class=\"fg-caption-inner\"><\/div><\/figcaption><\/figure><div class=\"fg-loader\"><\/div><\/div><div class=\"fg-item fg-type-image fg-idle\"><figure class=\"fg-item-inner\"><a href=\"http:\/\/verschuetteten.aichingerhaus.at\/wp-content\/uploads\/2016\/07\/X_vlcsnap-2016-07-11-17h44m19s148.png\" data-attachment-id=\"106\" class=\"fg-thumb\"><span class=\"fg-image-wrap\"><img width=\"150\" height=\"150\" class=\"skip-lazy fg-image\" data-src-fg=\"http:\/\/verschuetteten.aichingerhaus.at\/wp-content\/uploads\/cache\/2016\/07\/X_vlcsnap-2016-07-11-17h44m19s148\/4247794055.png\" src=\"data:image\/svg+xml,%3Csvg%20xmlns%3D%22http%3A%2F%2Fwww.w3.org%2F2000%2Fsvg%22%20width%3D%22150%22%20height%3D%22150%22%20viewBox%3D%220%200%20150%20150%22%3E%3C%2Fsvg%3E\" loading=\"eager\"><\/span><span class=\"fg-image-overlay\"><\/span><\/a><figcaption class=\"fg-caption\"><div class=\"fg-caption-inner\"><\/div><\/figcaption><\/figure><div class=\"fg-loader\"><\/div><\/div><div class=\"fg-item fg-type-image fg-idle\"><figure class=\"fg-item-inner\"><a href=\"http:\/\/verschuetteten.aichingerhaus.at\/wp-content\/uploads\/2016\/07\/X_vlcsnap-2016-07-11-17h40m09s282.png\" data-attachment-id=\"105\" class=\"fg-thumb\"><span class=\"fg-image-wrap\"><img width=\"150\" height=\"150\" class=\"skip-lazy fg-image\" data-src-fg=\"http:\/\/verschuetteten.aichingerhaus.at\/wp-content\/uploads\/cache\/2016\/07\/X_vlcsnap-2016-07-11-17h40m09s282\/3370569323.png\" src=\"data:image\/svg+xml,%3Csvg%20xmlns%3D%22http%3A%2F%2Fwww.w3.org%2F2000%2Fsvg%22%20width%3D%22150%22%20height%3D%22150%22%20viewBox%3D%220%200%20150%20150%22%3E%3C%2Fsvg%3E\" loading=\"eager\"><\/span><span class=\"fg-image-overlay\"><\/span><\/a><figcaption class=\"fg-caption\"><div class=\"fg-caption-inner\"><\/div><\/figcaption><\/figure><div class=\"fg-loader\"><\/div><\/div><div class=\"fg-item fg-type-image fg-idle\"><figure class=\"fg-item-inner\"><a href=\"http:\/\/verschuetteten.aichingerhaus.at\/wp-content\/uploads\/2016\/07\/X_vlcsnap-2016-07-11-17h46m38s330.png\" data-attachment-id=\"108\" class=\"fg-thumb\"><span class=\"fg-image-wrap\"><img width=\"150\" height=\"150\" class=\"skip-lazy fg-image\" data-src-fg=\"http:\/\/verschuetteten.aichingerhaus.at\/wp-content\/uploads\/cache\/2016\/07\/X_vlcsnap-2016-07-11-17h46m38s330\/4218776003.png\" src=\"data:image\/svg+xml,%3Csvg%20xmlns%3D%22http%3A%2F%2Fwww.w3.org%2F2000%2Fsvg%22%20width%3D%22150%22%20height%3D%22150%22%20viewBox%3D%220%200%20150%20150%22%3E%3C%2Fsvg%3E\" loading=\"eager\"><\/span><span class=\"fg-image-overlay\"><\/span><\/a><figcaption class=\"fg-caption\"><div class=\"fg-caption-inner\"><\/div><\/figcaption><\/figure><div class=\"fg-loader\"><\/div><\/div><div class=\"fg-item fg-type-image fg-idle\"><figure class=\"fg-item-inner\"><a href=\"http:\/\/verschuetteten.aichingerhaus.at\/wp-content\/uploads\/2016\/08\/LESUNG_wienachauckland.png\" data-caption-title=\"(c) Das Ilse-Aichinger-Haus, wienachauckland 2015\" data-attachment-id=\"164\" class=\"fg-thumb\"><span class=\"fg-image-wrap\"><img title=\"(c) Das Ilse-Aichinger-Haus, wienachauckland 2015\" width=\"150\" height=\"150\" class=\"skip-lazy fg-image\" data-src-fg=\"http:\/\/verschuetteten.aichingerhaus.at\/wp-content\/uploads\/cache\/2016\/08\/LESUNG_wienachauckland\/3313465168.png\" src=\"data:image\/svg+xml,%3Csvg%20xmlns%3D%22http%3A%2F%2Fwww.w3.org%2F2000%2Fsvg%22%20width%3D%22150%22%20height%3D%22150%22%20viewBox%3D%220%200%20150%20150%22%3E%3C%2Fsvg%3E\" loading=\"eager\"><\/span><span class=\"fg-image-overlay\"><\/span><\/a><figcaption class=\"fg-caption\"><div class=\"fg-caption-inner\"><div class=\"fg-caption-title\">(c) Das Ilse-Aichinger-Haus, wienachauckland 2015<\/div><\/div><\/figcaption><\/figure><div class=\"fg-loader\"><\/div><\/div><\/div>\r\n\n<p><i>Friedrich Achleitner<\/i>, 1930, Architekturstudium bei Clemens Holzmeister, 1953 Diplom, bis 1958 freier Architekt, dann freier Schriftsteller (Mitglied der \u201cwiener gruppe\u201d), Architekturkritiker und -publizist, Hochschullehrer, zuletzt Vorstand der Lehrkanzel f\u00fcr \u201cGeschichte und Theorie der Architektur\u201d an der Universit\u00e4t f\u00fcr angewandte Kunst in Wien, 1998 Emeritierung.<\/p>\n<p><i>Franziska F\u00fcchsl<\/i>, aus Putzleinsdorf\/O\u00d6, lebt und arbeitet in Wien; Studium der Germanistik und Anglistik; \u00dcbersetzerin in der Gruppe versatorium \u2013 verein f\u00fcr gedichte und \u00fcbersetzen. \u00fcbersetzt aus dem Englischen und Georgischen; schreibt auf deutsch, dialekt und englisch, zuletzt in A Perimeter\/New York (http:\/\/aperimeter.com) und im Jahrbuch der Lyrik 2015, DVA.<\/p>\n<p><i>Greta Lippauer<\/i>, geboren in K\u00e4rnten, seit 2009 Studium der Germanistik und Philosophie an der Universit\u00e4t Wien. Theatererfahrungen u.a. an der Schaub\u00fchne am Lehninerplatz, am Berliner Ensemble und am Burgtheater Wien; Nominierung f\u00fcr den Retzhofer Dramapreis 2015; Arbeitsstipendium f\u00fcr Literatur des bmukk 2015. Schreibt Kurzprosa, Lyrik und Theatertexte.<\/p>\n<p><i>Peter Waterhouse<\/i>, geboren 1956 in Berlin, lebt in Wien. Studium der Germanistik, Anglistik und Philosophie in Wien und Los Angeles. Er publizierte Gedichte, Essays, Erz\u00e4hlungen, Theaterst\u00fccke und \u00dcbersetzungen (u. a. von Michael Hamburger, Gerard Manley Hopkins, Biagio Marin, Andrea Zanzotto).<\/p>\n<p>&nbsp;<\/p>\n<p>\u201eIlse Aichinger wird ein Literaturhaus ohne Mauern zuteil\u201c (Julia Grillmayr), in: <em>Der Standard<\/em> vom 1. Dezember 2015 und online unter <a href=\"http:\/\/derstandard.at\/2000026702755\/\">http:\/\/derstandard.at\/2000026702755\/<\/a>.<\/p>\n<p>&nbsp;<\/p>\n","protected":false},"excerpt":{"rendered":"<p>Friedrich Achleitner, 1930, Architekturstudium bei Clemens Holzmeister, 1953 Diplom, bis 1958 freier Architekt, dann freier Schriftsteller (Mitglied der \u201cwiener gruppe\u201d), Architekturkritiker und -publizist, Hochschullehrer, zuletzt Vorstand der Lehrkanzel f\u00fcr \u201cGeschichte und Theorie der Architektur\u201d an der Universit\u00e4t f\u00fcr angewandte Kunst in Wien, 1998 Emeritierung. Franziska F\u00fcchsl, aus Putzleinsdorf\/O\u00d6, lebt und arbeitet in Wien; Studium der &hellip; <a href=\"http:\/\/verschuetteten.aichingerhaus.at\/?page_id=84\" class=\"more-link\"><span class=\"screen-reader-text\">Lesung November 2015<\/span> weiterlesen<\/a><\/p>\n","protected":false},"author":2,"featured_media":0,"parent":0,"menu_order":0,"comment_status":"closed","ping_status":"closed","template":"","meta":[],"_links":{"self":[{"href":"http:\/\/verschuetteten.aichingerhaus.at\/index.php?rest_route=\/wp\/v2\/pages\/84"}],"collection":[{"href":"http:\/\/verschuetteten.aichingerhaus.at\/index.php?rest_route=\/wp\/v2\/pages"}],"about":[{"href":"http:\/\/verschuetteten.aichingerhaus.at\/index.php?rest_route=\/wp\/v2\/types\/page"}],"author":[{"embeddable":true,"href":"http:\/\/verschuetteten.aichingerhaus.at\/index.php?rest_route=\/wp\/v2\/users\/2"}],"replies":[{"embeddable":true,"href":"http:\/\/verschuetteten.aichingerhaus.at\/index.php?rest_route=%2Fwp%2Fv2%2Fcomments&post=84"}],"version-history":[{"count":7,"href":"http:\/\/verschuetteten.aichingerhaus.at\/index.php?rest_route=\/wp\/v2\/pages\/84\/revisions"}],"predecessor-version":[{"id":142,"href":"http:\/\/verschuetteten.aichingerhaus.at\/index.php?rest_route=\/wp\/v2\/pages\/84\/revisions\/142"}],"wp:attachment":[{"href":"http:\/\/verschuetteten.aichingerhaus.at\/index.php?rest_route=%2Fwp%2Fv2%2Fmedia&parent=84"}],"curies":[{"name":"wp","href":"https:\/\/api.w.org\/{rel}","templated":true}]}}